{"id":5858,"date":"2016-05-02T13:44:54","date_gmt":"2016-12-27T13:10:51","guid":{"rendered":"https:\/\/nbe.wp2.go2people.nl\/?post_type=product&#038;p=5858\/"},"modified":"2020-12-03T16:45:50","modified_gmt":"2020-12-03T15:45:50","slug":"under-the-green-time","status":"publish","type":"product","link":"https:\/\/nbe.wp2.go2people.nl\/en\/shop\/under-the-green-time\/","title":{"rendered":"Under the Green Time"},"content":{"rendered":"<h4><span class=\"pinkText\">Brian \u00d3 hU\u00edg\u00ednn<\/span> uilleann pipes<br \/>\n<span class=\"pinkText\">Sarah Grealish<\/span> vocals<\/h4>\n<p><em>\u201cAn image of Ireland without the sweet Celtic wrapping, an ancient, hard Ireland, a kind of musical archaeology\u201d<\/em><\/p>\n<p>A programme by the Nederlands Blazers Ensemble (Netherlands Wind Ensemble) with new and traditional Irish music centred around the Irish electro-acoustic composer Roger Doyle.<br \/>\nHearing the composition Under the Green Time (1995) for uilleann pipes, flute and tape was the reason for the Netherlands Wind Ensemble to invite composer Roger Doyle to create an evening-long programme of music together. This programme was developed through close collaboration between the composer, the electronic studio STEIM, the Irish musicians Sarah Grealish and Brian \u00d3 hUiginn and the NBE. It was performed four times in October 1999.<br \/>\nThis CD contains the unedited live recording of the concert given in the Nieuwe Kerk (New Church) in The Hague on the 10th October 1999.<\/p>\n","protected":false},"excerpt":{"rendered":"<p>Brian \u00d3 hU\u00edg\u00ednn uilleann pipes Sarah Grealish vocals \u201cAn image of Ireland without the sweet Celtic wrapping, an ancient, hard Ireland, a kind of musical.<\/p>\n","protected":false},"featured_media":2579,"comment_status":"closed","ping_status":"closed","template":"","meta":{"_acf_changed":false},"product_brand":[],"product_cat":[82],"product_tag":[],"class_list":{"0":"post-5858","1":"product","2":"type-product","3":"status-publish","4":"has-post-thumbnail","6":"product_cat-cd-en","8":"first","9":"instock","10":"taxable","11":"shipping-taxable","12":"purchasable","13":"product-type-simple"},"acf":{"product_subtitle":""},"yoast_head":"<!-- This site is optimized with the Yoast SEO plugin v27.5 - https:\/\/yoast.com\/product\/yoast-seo-wordpress\/ -->\n<title>Under the Green Time - Nederlands Blazers Ensemble<\/title>\n<meta name=\"robots\" content=\"noindex, follow, max-snippet:-1, max-image-preview:large, max-video-preview:-1\" \/>\n<meta property=\"og:locale\" content=\"en_US\" \/>\n<meta property=\"og:type\" content=\"article\" \/>\n<meta property=\"og:title\" content=\"Under the Green Time - Nederlands Blazers Ensemble\" \/>\n<meta property=\"og:description\" content=\"Brian \u00d3 hU\u00edg\u00ednn uilleann pipes Sarah Grealish vocals \u201cAn image of Ireland without the sweet Celtic wrapping, an ancient, hard Ireland, a kind of musical.\" \/>\n<meta property=\"og:url\" content=\"https:\/\/nbe.wp2.go2people.nl\/en\/shop\/under-the-green-time\/\" \/>\n<meta property=\"og:site_name\" content=\"Nederlands Blazers Ensemble\" \/>\n<meta property=\"article:publisher\" content=\"https:\/\/www.facebook.com\/NederlandsBlazersEnsemble\" \/>\n<meta property=\"article:modified_time\" content=\"2020-12-03T15:45:50+00:00\" \/>\n<meta property=\"og:image\" content=\"https:\/\/nbe.wp2.go2people.nl\/wp-content\/uploads\/2016\/05\/NBElive-0001-Under-the-Green-Time.jpg\" \/>\n\t<meta property=\"og:image:width\" content=\"546\" \/>\n\t<meta property=\"og:image:height\" content=\"542\" \/>\n\t<meta property=\"og:image:type\" content=\"image\/jpeg\" \/>\n<meta name=\"twitter:card\" content=\"summary_large_image\" \/>\n<meta name=\"twitter:label1\" content=\"Est. reading time\" \/>\n\t<meta name=\"twitter:data1\" content=\"1 minute\" \/>\n<script type=\"application\/ld+json\" class=\"yoast-schema-graph\">{\"@context\":\"https:\\\/\\\/schema.org\",\"@graph\":[{\"@type\":\"WebPage\",\"@id\":\"https:\\\/\\\/nbe.wp2.go2people.nl\\\/en\\\/shop\\\/under-the-green-time\\\/\",\"url\":\"https:\\\/\\\/nbe.wp2.go2people.nl\\\/en\\\/shop\\\/under-the-green-time\\\/\",\"name\":\"Under the Green Time - Nederlands Blazers Ensemble\",\"isPartOf\":{\"@id\":\"https:\\\/\\\/nbe.wp2.go2people.nl\\\/#website\"},\"primaryImageOfPage\":{\"@id\":\"https:\\\/\\\/nbe.wp2.go2people.nl\\\/en\\\/shop\\\/under-the-green-time\\\/#primaryimage\"},\"image\":{\"@id\":\"https:\\\/\\\/nbe.wp2.go2people.nl\\\/en\\\/shop\\\/under-the-green-time\\\/#primaryimage\"},\"thumbnailUrl\":\"https:\\\/\\\/nbe.wp2.go2people.nl\\\/wp-content\\\/uploads\\\/2016\\\/05\\\/NBElive-0001-Under-the-Green-Time.jpg\",\"datePublished\":\"2016-12-27T13:10:51+00:00\",\"dateModified\":\"2020-12-03T15:45:50+00:00\",\"breadcrumb\":{\"@id\":\"https:\\\/\\\/nbe.wp2.go2people.nl\\\/en\\\/shop\\\/under-the-green-time\\\/#breadcrumb\"},\"inLanguage\":\"en-US\",\"potentialAction\":[{\"@type\":\"ReadAction\",\"target\":[\"https:\\\/\\\/nbe.wp2.go2people.nl\\\/en\\\/shop\\\/under-the-green-time\\\/\"]}]},{\"@type\":\"ImageObject\",\"inLanguage\":\"en-US\",\"@id\":\"https:\\\/\\\/nbe.wp2.go2people.nl\\\/en\\\/shop\\\/under-the-green-time\\\/#primaryimage\",\"url\":\"https:\\\/\\\/nbe.wp2.go2people.nl\\\/wp-content\\\/uploads\\\/2016\\\/05\\\/NBElive-0001-Under-the-Green-Time.jpg\",\"contentUrl\":\"https:\\\/\\\/nbe.wp2.go2people.nl\\\/wp-content\\\/uploads\\\/2016\\\/05\\\/NBElive-0001-Under-the-Green-Time.jpg\",\"width\":546,\"height\":542},{\"@type\":\"BreadcrumbList\",\"@id\":\"https:\\\/\\\/nbe.wp2.go2people.nl\\\/en\\\/shop\\\/under-the-green-time\\\/#breadcrumb\",\"itemListElement\":[{\"@type\":\"ListItem\",\"position\":1,\"name\":\"Home\",\"item\":\"https:\\\/\\\/nbe.wp2.go2people.nl\\\/en\\\/\"},{\"@type\":\"ListItem\",\"position\":2,\"name\":\"Shop\",\"item\":\"https:\\\/\\\/nbe.wp2.go2people.nl\\\/shop\\\/\"},{\"@type\":\"ListItem\",\"position\":3,\"name\":\"Under the Green Time\"}]},{\"@type\":\"WebSite\",\"@id\":\"https:\\\/\\\/nbe.wp2.go2people.nl\\\/#website\",\"url\":\"https:\\\/\\\/nbe.wp2.go2people.nl\\\/\",\"name\":\"Nederlands Blazers Ensemble\",\"description\":\"\",\"publisher\":{\"@id\":\"https:\\\/\\\/nbe.wp2.go2people.nl\\\/#organization\"},\"potentialAction\":[{\"@type\":\"SearchAction\",\"target\":{\"@type\":\"EntryPoint\",\"urlTemplate\":\"https:\\\/\\\/nbe.wp2.go2people.nl\\\/?s={search_term_string}\"},\"query-input\":{\"@type\":\"PropertyValueSpecification\",\"valueRequired\":true,\"valueName\":\"search_term_string\"}}],\"inLanguage\":\"en-US\"},{\"@type\":\"Organization\",\"@id\":\"https:\\\/\\\/nbe.wp2.go2people.nl\\\/#organization\",\"name\":\"Nederlands Blazers Ensemble\",\"alternateName\":\"NBE\",\"url\":\"https:\\\/\\\/nbe.wp2.go2people.nl\\\/\",\"logo\":{\"@type\":\"ImageObject\",\"inLanguage\":\"en-US\",\"@id\":\"https:\\\/\\\/nbe.wp2.go2people.nl\\\/#\\\/schema\\\/logo\\\/image\\\/\",\"url\":\"https:\\\/\\\/nbe.wp2.go2people.nl\\\/wp-content\\\/uploads\\\/2024\\\/02\\\/NBE-NederlandsBlazersEnsemble-logo_blauw-alleen.png\",\"contentUrl\":\"https:\\\/\\\/nbe.wp2.go2people.nl\\\/wp-content\\\/uploads\\\/2024\\\/02\\\/NBE-NederlandsBlazersEnsemble-logo_blauw-alleen.png\",\"width\":1549,\"height\":1471,\"caption\":\"Nederlands Blazers Ensemble\"},\"image\":{\"@id\":\"https:\\\/\\\/nbe.wp2.go2people.nl\\\/#\\\/schema\\\/logo\\\/image\\\/\"},\"sameAs\":[\"https:\\\/\\\/www.facebook.com\\\/NederlandsBlazersEnsemble\",\"https:\\\/\\\/www.instagram.com\\\/deblazers\\\/\",\"https:\\\/\\\/www.linkedin.com\\\/company\\\/nederlands-blazers-ensemble\"]}]}<\/script>\n<!-- \/ Yoast SEO plugin. -->","yoast_head_json":{"title":"Under the Green Time - Nederlands Blazers Ensemble","robots":{"index":"noindex","follow":"follow","max-snippet":"max-snippet:-1","max-image-preview":"max-image-preview:large","max-video-preview":"max-video-preview:-1"},"og_locale":"en_US","og_type":"article","og_title":"Under the Green Time - Nederlands Blazers Ensemble","og_description":"Brian \u00d3 hU\u00edg\u00ednn uilleann pipes Sarah Grealish vocals \u201cAn image of Ireland without the sweet Celtic wrapping, an ancient, hard Ireland, a kind of musical.","og_url":"https:\/\/nbe.wp2.go2people.nl\/en\/shop\/under-the-green-time\/","og_site_name":"Nederlands Blazers Ensemble","article_publisher":"https:\/\/www.facebook.com\/NederlandsBlazersEnsemble","article_modified_time":"2020-12-03T15:45:50+00:00","og_image":[{"width":546,"height":542,"url":"https:\/\/nbe.wp2.go2people.nl\/wp-content\/uploads\/2016\/05\/NBElive-0001-Under-the-Green-Time.jpg","type":"image\/jpeg"}],"twitter_card":"summary_large_image","twitter_misc":{"Est. reading time":"1 minute"},"schema":{"@context":"https:\/\/schema.org","@graph":[{"@type":"WebPage","@id":"https:\/\/nbe.wp2.go2people.nl\/en\/shop\/under-the-green-time\/","url":"https:\/\/nbe.wp2.go2people.nl\/en\/shop\/under-the-green-time\/","name":"Under the Green Time - Nederlands Blazers Ensemble","isPartOf":{"@id":"https:\/\/nbe.wp2.go2people.nl\/#website"},"primaryImageOfPage":{"@id":"https:\/\/nbe.wp2.go2people.nl\/en\/shop\/under-the-green-time\/#primaryimage"},"image":{"@id":"https:\/\/nbe.wp2.go2people.nl\/en\/shop\/under-the-green-time\/#primaryimage"},"thumbnailUrl":"https:\/\/nbe.wp2.go2people.nl\/wp-content\/uploads\/2016\/05\/NBElive-0001-Under-the-Green-Time.jpg","datePublished":"2016-12-27T13:10:51+00:00","dateModified":"2020-12-03T15:45:50+00:00","breadcrumb":{"@id":"https:\/\/nbe.wp2.go2people.nl\/en\/shop\/under-the-green-time\/#breadcrumb"},"inLanguage":"en-US","potentialAction":[{"@type":"ReadAction","target":["https:\/\/nbe.wp2.go2people.nl\/en\/shop\/under-the-green-time\/"]}]},{"@type":"ImageObject","inLanguage":"en-US","@id":"https:\/\/nbe.wp2.go2people.nl\/en\/shop\/under-the-green-time\/#primaryimage","url":"https:\/\/nbe.wp2.go2people.nl\/wp-content\/uploads\/2016\/05\/NBElive-0001-Under-the-Green-Time.jpg","contentUrl":"https:\/\/nbe.wp2.go2people.nl\/wp-content\/uploads\/2016\/05\/NBElive-0001-Under-the-Green-Time.jpg","width":546,"height":542},{"@type":"BreadcrumbList","@id":"https:\/\/nbe.wp2.go2people.nl\/en\/shop\/under-the-green-time\/#breadcrumb","itemListElement":[{"@type":"ListItem","position":1,"name":"Home","item":"https:\/\/nbe.wp2.go2people.nl\/en\/"},{"@type":"ListItem","position":2,"name":"Shop","item":"https:\/\/nbe.wp2.go2people.nl\/shop\/"},{"@type":"ListItem","position":3,"name":"Under the Green Time"}]},{"@type":"WebSite","@id":"https:\/\/nbe.wp2.go2people.nl\/#website","url":"https:\/\/nbe.wp2.go2people.nl\/","name":"Nederlands Blazers Ensemble","description":"","publisher":{"@id":"https:\/\/nbe.wp2.go2people.nl\/#organization"},"potentialAction":[{"@type":"SearchAction","target":{"@type":"EntryPoint","urlTemplate":"https:\/\/nbe.wp2.go2people.nl\/?s={search_term_string}"},"query-input":{"@type":"PropertyValueSpecification","valueRequired":true,"valueName":"search_term_string"}}],"inLanguage":"en-US"},{"@type":"Organization","@id":"https:\/\/nbe.wp2.go2people.nl\/#organization","name":"Nederlands Blazers Ensemble","alternateName":"NBE","url":"https:\/\/nbe.wp2.go2people.nl\/","logo":{"@type":"ImageObject","inLanguage":"en-US","@id":"https:\/\/nbe.wp2.go2people.nl\/#\/schema\/logo\/image\/","url":"https:\/\/nbe.wp2.go2people.nl\/wp-content\/uploads\/2024\/02\/NBE-NederlandsBlazersEnsemble-logo_blauw-alleen.png","contentUrl":"https:\/\/nbe.wp2.go2people.nl\/wp-content\/uploads\/2024\/02\/NBE-NederlandsBlazersEnsemble-logo_blauw-alleen.png","width":1549,"height":1471,"caption":"Nederlands Blazers Ensemble"},"image":{"@id":"https:\/\/nbe.wp2.go2people.nl\/#\/schema\/logo\/image\/"},"sameAs":["https:\/\/www.facebook.com\/NederlandsBlazersEnsemble","https:\/\/www.instagram.com\/deblazers\/","https:\/\/www.linkedin.com\/company\/nederlands-blazers-ensemble"]}]}},"_links":{"self":[{"href":"https:\/\/nbe.wp2.go2people.nl\/en\/wp-json\/wp\/v2\/product\/5858","targetHints":{"allow":["GET"]}}],"collection":[{"href":"https:\/\/nbe.wp2.go2people.nl\/en\/wp-json\/wp\/v2\/product"}],"about":[{"href":"https:\/\/nbe.wp2.go2people.nl\/en\/wp-json\/wp\/v2\/types\/product"}],"replies":[{"embeddable":true,"href":"https:\/\/nbe.wp2.go2people.nl\/en\/wp-json\/wp\/v2\/comments?post=5858"}],"wp:featuredmedia":[{"embeddable":true,"href":"https:\/\/nbe.wp2.go2people.nl\/en\/wp-json\/wp\/v2\/media\/2579"}],"wp:attachment":[{"href":"https:\/\/nbe.wp2.go2people.nl\/en\/wp-json\/wp\/v2\/media?parent=5858"}],"wp:term":[{"taxonomy":"product_brand","embeddable":true,"href":"https:\/\/nbe.wp2.go2people.nl\/en\/wp-json\/wp\/v2\/product_brand?post=5858"},{"taxonomy":"product_cat","embeddable":true,"href":"https:\/\/nbe.wp2.go2people.nl\/en\/wp-json\/wp\/v2\/product_cat?post=5858"},{"taxonomy":"product_tag","embeddable":true,"href":"https:\/\/nbe.wp2.go2people.nl\/en\/wp-json\/wp\/v2\/product_tag?post=5858"}],"curies":[{"name":"wp","href":"https:\/\/api.w.org\/{rel}","templated":true}]}}